{"id":17,"date":"2020-06-21T08:59:47","date_gmt":"2020-06-21T08:59:47","guid":{"rendered":"https:\/\/schornsteinfeger-bitterlich.de\/?page_id=17"},"modified":"2025-09-03T09:51:57","modified_gmt":"2025-09-03T07:51:57","slug":"ueber-uns","status":"publish","type":"page","link":"https:\/\/schornsteinfeger-bitterlich.de\/index.php\/ueber-uns\/","title":{"rendered":"\u00dcber uns"},"content":{"rendered":"<p>[et_pb_section fb_built=&#8221;1&#8243; fullwidth=&#8221;on&#8221; _builder_version=&#8221;4.7.5&#8243; _module_preset=&#8221;default&#8221; bottom_divider_style=&#8221;asymmetric2&#8243; bottom_divider_color=&#8221;#ffffff&#8221; bottom_divider_height=&#8221;57px&#8221; bottom_divider_repeat=&#8221;0x&#8221; bottom_divider_style_tablet=&#8221;none&#8221; bottom_divider_style_phone=&#8221;&#8221; bottom_divider_style_last_edited=&#8221;on|desktop&#8221; global_module=&#8221;403&#8243; saved_tabs=&#8221;all&#8221; global_colors_info=&#8221;{}&#8221;][et_pb_fullwidth_slider _builder_version=&#8221;4.16&#8243; _module_preset=&#8221;default&#8221; global_colors_info=&#8221;{}&#8221;][et_pb_slide _builder_version=&#8221;4.16&#8243; _module_preset=&#8221;default&#8221; background_image=&#8221;https:\/\/schornsteinfeger-bitterlich.de\/wp-content\/uploads\/2021\/05\/Test3.jpg&#8221; background_enable_image=&#8221;on&#8221; background_position=&#8221;top_center&#8221; global_colors_info=&#8221;{}&#8221; sticky_transition=&#8221;on&#8221;][\/et_pb_slide][\/et_pb_fullwidth_slider][\/et_pb_section][et_pb_section fb_built=&#8221;1&#8243; _builder_version=&#8221;4.16&#8243; _module_preset=&#8221;default&#8221; custom_margin=&#8221;0px||0px||false|false&#8221; custom_margin_tablet=&#8221;&#8221; custom_margin_phone=&#8221;&#8221; custom_margin_last_edited=&#8221;on|phone&#8221; custom_padding=&#8221;0px||0px||false|false&#8221; global_colors_info=&#8221;{}&#8221;][et_pb_row column_structure=&#8221;2_3,1_3&#8243; _builder_version=&#8221;4.16&#8243; _module_preset=&#8221;default&#8221; width=&#8221;96%&#8221; custom_padding=&#8221;61px|||||&#8221; saved_tabs=&#8221;all&#8221; global_colors_info=&#8221;{}&#8221;][et_pb_column type=&#8221;2_3&#8243; _builder_version=&#8221;4.16&#8243; _module_preset=&#8221;default&#8221; background_enable_image=&#8221;off&#8221; background_size=&#8221;contain&#8221; background_position=&#8221;top_right&#8221; background_blend=&#8221;difference&#8221; global_colors_info=&#8221;{}&#8221;][et_pb_text _builder_version=&#8221;4.27.4&#8243; _module_preset=&#8221;default&#8221; text_text_color=&#8221;#000000&#8243; text_font_size=&#8221;16px&#8221; header_font_size=&#8221;38px&#8221; header_line_height=&#8221;3em&#8221; background_enable_image=&#8221;off&#8221; background_size=&#8221;initial&#8221; background_position=&#8221;bottom_right&#8221; custom_padding=&#8221;|||40px|false|false&#8221; custom_padding_tablet=&#8221;|||10px|false|false&#8221; custom_padding_phone=&#8221;|||10px|false|false&#8221; custom_padding_last_edited=&#8221;on|phone&#8221; global_colors_info=&#8221;{}&#8221;]<\/p>\n<h1 style=\"text-align: left;\"><strong>\u00dcber\u00a0uns\u00a0\u00a0<\/strong><\/h1>\n<p><strong><\/strong><\/p>\n<h2 style=\"text-align: left;\"><strong>Firmengeschichte<\/strong><\/h2>\n<p><strong><\/strong><\/p>\n<ul style=\"text-align: left;\">\n<li><span>1986 &#8211; 1989 Ausbildung zum Facharbeiter im Schornsteinfegerhandwerk (Geselle)<\/span><\/li>\n<li><span>1989 &#8211; 1992 Meisterausbildung<\/span><\/li>\n<li><span>am 01.01.1993 Gr\u00fcndung des Schornsteinfegermeisterbetriebs Michael Bitterlich<\/span><\/li>\n<\/ul>\n<h2><strong>Kompetenzen<\/strong><\/h2>\n<p><strong><\/strong><\/p>\n<ul>\n<li><span>Reinigung und \u00dcberpr\u00fcfung von Feuerungs- und Abgasanlagen (Schornsteinfegerarbeiten)<\/span><\/li>\n<li><span>Gepr\u00fcfter Brandschutztechniker (ZIV)<\/span><\/li>\n<li><span>G\u00fctesiegel &#8220;Fachbetrieb des Schornsteinfegerhandwerks&#8221;<\/span><\/li>\n<li><span>zertifizierter Energieberater<\/span><\/li>\n<li><span>Mitglied der Umweltallianz Sachsen<\/span><\/li>\n<\/ul>\n<h2 style=\"text-align: left;\"><strong>Mitarbeiter<\/strong><\/h2>\n<p><strong><\/strong><\/p>\n<ul>\n<li style=\"text-align: left;\"><span>Meister im Schornsteinfegerhandwerk (Meister-Geselle): <strong>Felix Graf Bitterlich<\/strong><\/span><\/li>\n<\/ul>\n<p>[\/et_pb_text][\/et_pb_column][et_pb_column type=&#8221;1_3&#8243; _builder_version=&#8221;4.16&#8243; _module_preset=&#8221;default&#8221; custom_padding=&#8221;5px|5px|5px|5px|true|true&#8221; border_width_all=&#8221;2px&#8221; border_color_all=&#8221;#000000&#8243; global_colors_info=&#8221;{}&#8221;][et_pb_text _builder_version=&#8221;4.16&#8243; text_text_color=&#8221;#000000&#8243; header_text_color=&#8221;#4d0013&#8243; header_2_text_color=&#8221;#4d0013&#8243; header_3_text_color=&#8221;#4d0013&#8243; header_4_text_color=&#8221;#4d0013&#8243; header_5_text_color=&#8221;#4d0013&#8243; header_6_text_color=&#8221;#4d0013&#8243; width=&#8221;100%&#8221; custom_padding=&#8221;|||0px||&#8221; global_colors_info=&#8221;{}&#8221;]<\/p>\n<h3 style=\"text-align: center;\"><strong>Unser Schornsteinfeger- Signet<\/strong><\/h3>\n<p style=\"text-align: center;\"><strong>Zum Gl\u00fcck gibt\u00b4s den Schornsteinfeger!<\/strong><\/p>\n<p style=\"text-align: center;\">Diesen Spruch und das dazugeh\u00f6rige Signet haben Sie sicher schon gesehen und sich gefragt:<\/p>\n<p>[\/et_pb_text][et_pb_image src=&#8221;https:\/\/schornsteinfeger-bitterlich.de\/wp-content\/uploads\/2020\/06\/Schorni-Logo.jpg&#8221; align=&#8221;center&#8221; _builder_version=&#8221;4.16&#8243; custom_padding=&#8221;|||0px||&#8221; global_colors_info=&#8221;{}&#8221;][\/et_pb_image][et_pb_text _builder_version=&#8221;4.25.0&#8243; text_text_color=&#8221;#000000&#8243; global_colors_info=&#8221;{}&#8221;]<\/p>\n<p style=\"text-align: center;\"><span size=\"2\"><b>Was bedeutet das?<\/b><br \/>In dem Signet k\u00f6nnen Sie unser urspr\u00fcngliches Handwerkszeichen mit zwei Schultereisen und dem Stielbesen erkennen.<br \/>Der als Kreisausschnitt stilisierte Stielbesen weist in den senkrecht angeordneten Farben die einzelnen Aufgaben des Schornsteinfegerhandwerks aus:<\/span><\/p>\n<p style=\"text-align: center;\"><span size=\"2\"><span color=\"#ff0000\" size=\"2\" style=\"color: #ff0000; font-size: small;\"><b>rot = Brandschutz<\/b><\/span><br \/><span color=\"#e8cf00\" size=\"2\" style=\"color: #e8cf00; font-size: small;\"><b>gelb = Sicherheit<\/b><\/span><span size=\"2\" style=\"font-size: small;\"><\/span><br \/><span color=\"#0000ff\" size=\"2\" style=\"color: #0000ff; font-size: small;\"><b>blau = Umweltschutz<\/b><\/span><span size=\"2\" style=\"font-size: small;\"><\/span><br \/><span color=\"#008000\" size=\"2\" style=\"color: #008000; font-size: small;\"><b>gr\u00fcn = neutrale Beratung<\/b><\/span><\/span><\/p>\n<p style=\"text-align: center;\"><span size=\"2\"><span color=\"#008000\" size=\"2\" style=\"color: #008000; font-size: small;\"><b><\/b><\/span><\/span><\/p>\n<p style=\"text-align: center;\">Dieses Signet d\u00fcrfen nur Betriebe nutzen, die im Bundesverband der Schornsteinfegerhandwerks (ZIV) vertreten sind.<\/p>\n<p>[\/et_pb_text][\/et_pb_column][\/et_pb_row][\/et_pb_section][et_pb_section fb_built=&#8221;1&#8243; _builder_version=&#8221;4.7.5&#8243; _module_preset=&#8221;default&#8221; custom_margin=&#8221;0px||0px||false|false&#8221; custom_padding=&#8221;0px||0px||false|false&#8221; border_width_top=&#8221;9px&#8221; global_module=&#8221;404&#8243; saved_tabs=&#8221;all&#8221; global_colors_info=&#8221;{}&#8221;][et_pb_row _builder_version=&#8221;4.16&#8243; _module_preset=&#8221;default&#8221; global_colors_info=&#8221;{}&#8221;][et_pb_column type=&#8221;4_4&#8243; _builder_version=&#8221;4.16&#8243; _module_preset=&#8221;default&#8221; global_colors_info=&#8221;{}&#8221;][et_pb_text _builder_version=&#8221;4.16&#8243; _module_preset=&#8221;default&#8221; global_colors_info=&#8221;{}&#8221;]<\/p>\n<h1><strong>Ein Handwerk, eine Familie, viel Vertrauen<\/strong><\/h1>\n<p>&nbsp;<\/p>\n<p>[\/et_pb_text][et_pb_gallery gallery_ids=&#8221;365,366,364,358,359,361,362,363,519,548&#8243; posts_number=&#8221;16&#8243; orientation=&#8221;portrait&#8221; show_pagination=&#8221;off&#8221; _builder_version=&#8221;4.25.1&#8243; _module_preset=&#8221;default&#8221; global_colors_info=&#8221;{}&#8221;][\/et_pb_gallery][\/et_pb_column][\/et_pb_row][\/et_pb_section]<\/p>\n","protected":false},"excerpt":{"rendered":"<p>\u00dcber\u00a0uns\u00a0\u00a0 Firmengeschichte 1986 &#8211; 1989 Ausbildung zum Facharbeiter im Schornsteinfegerhandwerk (Geselle) 1989 &#8211; 1992 Meisterausbildung am 01.01.1993 Gr\u00fcndung des Schornsteinfegermeisterbetriebs Michael Bitterlich Kompetenzen Reinigung und \u00dcberpr\u00fcfung von Feuerungs- und Abgasanlagen (Schornsteinfegerarbeiten) Gepr\u00fcfter Brandschutztechniker (ZIV) G\u00fctesiegel &#8220;Fachbetrieb des Schornsteinfegerhandwerks&#8221; zertifizierter Energieberater Mitglied der Umweltallianz Sachsen Mitarbeiter Meister im Schornsteinfegerhandwerk (Meister-Geselle): Felix Graf Bitterlich Unser Schornsteinfeger- Signet [&hellip;]<\/p>\n","protected":false},"author":1,"featured_media":0,"parent":0,"menu_order":0,"comment_status":"closed","ping_status":"closed","template":"","meta":{"_et_pb_use_builder":"on","_et_pb_old_content":"","_et_gb_content_width":"","advgb_blocks_editor_width":"","advgb_blocks_columns_visual_guide":"","footnotes":""},"class_list":["post-17","page","type-page","status-publish","hentry"],"yoast_head":"<!-- This site is optimized with the Yoast SEO plugin v27.4 - https:\/\/yoast.com\/product\/yoast-seo-wordpress\/ -->\n<title>\u00dcber uns - Schornsteinfegermeisterbetrieb Michael Bitterlich<\/title>\n<meta name=\"robots\" content=\"index, follow, max-snippet:-1, max-image-preview:large, max-video-preview:-1\" \/>\n<link rel=\"canonical\" href=\"https:\/\/schornsteinfeger-bitterlich.de\/index.php\/ueber-uns\/\" \/>\n<meta property=\"og:locale\" content=\"de_DE\" \/>\n<meta property=\"og:type\" content=\"article\" \/>\n<meta property=\"og:title\" content=\"\u00dcber uns - Schornsteinfegermeisterbetrieb Michael Bitterlich\" \/>\n<meta property=\"og:description\" content=\"\u00dcber\u00a0uns\u00a0\u00a0 Firmengeschichte 1986 - 1989 Ausbildung zum Facharbeiter im Schornsteinfegerhandwerk (Geselle) 1989 - 1992 Meisterausbildung am 01.01.1993 Gr\u00fcndung des Schornsteinfegermeisterbetriebs Michael Bitterlich Kompetenzen Reinigung und \u00dcberpr\u00fcfung von Feuerungs- und Abgasanlagen (Schornsteinfegerarbeiten) Gepr\u00fcfter Brandschutztechniker (ZIV) G\u00fctesiegel &quot;Fachbetrieb des Schornsteinfegerhandwerks&quot; zertifizierter Energieberater Mitglied der Umweltallianz Sachsen Mitarbeiter Meister im Schornsteinfegerhandwerk (Meister-Geselle): Felix Graf Bitterlich Unser Schornsteinfeger- Signet [&hellip;]\" \/>\n<meta property=\"og:url\" content=\"https:\/\/schornsteinfeger-bitterlich.de\/index.php\/ueber-uns\/\" \/>\n<meta property=\"og:site_name\" content=\"Schornsteinfegermeisterbetrieb Michael Bitterlich\" \/>\n<meta property=\"article:modified_time\" content=\"2025-09-03T07:51:57+00:00\" \/>\n<meta name=\"twitter:card\" content=\"summary_large_image\" \/>\n<meta name=\"twitter:label1\" content=\"Gesch\u00e4tzte Lesezeit\" \/>\n\t<meta name=\"twitter:data1\" content=\"3\u00a0Minuten\" \/>\n<script type=\"application\/ld+json\" class=\"yoast-schema-graph\">{\"@context\":\"https:\\\/\\\/schema.org\",\"@graph\":[{\"@type\":\"WebPage\",\"@id\":\"https:\\\/\\\/schornsteinfeger-bitterlich.de\\\/index.php\\\/ueber-uns\\\/\",\"url\":\"https:\\\/\\\/schornsteinfeger-bitterlich.de\\\/index.php\\\/ueber-uns\\\/\",\"name\":\"\u00dcber uns - Schornsteinfegermeisterbetrieb Michael Bitterlich\",\"isPartOf\":{\"@id\":\"https:\\\/\\\/schornsteinfeger-bitterlich.de\\\/#website\"},\"datePublished\":\"2020-06-21T08:59:47+00:00\",\"dateModified\":\"2025-09-03T07:51:57+00:00\",\"breadcrumb\":{\"@id\":\"https:\\\/\\\/schornsteinfeger-bitterlich.de\\\/index.php\\\/ueber-uns\\\/#breadcrumb\"},\"inLanguage\":\"de\",\"potentialAction\":[{\"@type\":\"ReadAction\",\"target\":[\"https:\\\/\\\/schornsteinfeger-bitterlich.de\\\/index.php\\\/ueber-uns\\\/\"]}]},{\"@type\":\"BreadcrumbList\",\"@id\":\"https:\\\/\\\/schornsteinfeger-bitterlich.de\\\/index.php\\\/ueber-uns\\\/#breadcrumb\",\"itemListElement\":[{\"@type\":\"ListItem\",\"position\":1,\"name\":\"Home\",\"item\":\"https:\\\/\\\/schornsteinfeger-bitterlich.de\\\/\"},{\"@type\":\"ListItem\",\"position\":2,\"name\":\"\u00dcber uns\"}]},{\"@type\":\"WebSite\",\"@id\":\"https:\\\/\\\/schornsteinfeger-bitterlich.de\\\/#website\",\"url\":\"https:\\\/\\\/schornsteinfeger-bitterlich.de\\\/\",\"name\":\"Schornsteinfegermeisterbetrieb Michael Bitterlich\",\"description\":\"Meisterbetrieb der Innung seit 1993\",\"potentialAction\":[{\"@type\":\"SearchAction\",\"target\":{\"@type\":\"EntryPoint\",\"urlTemplate\":\"https:\\\/\\\/schornsteinfeger-bitterlich.de\\\/?s={search_term_string}\"},\"query-input\":{\"@type\":\"PropertyValueSpecification\",\"valueRequired\":true,\"valueName\":\"search_term_string\"}}],\"inLanguage\":\"de\"}]}<\/script>\n<!-- \/ Yoast SEO plugin. -->","yoast_head_json":{"title":"\u00dcber uns - Schornsteinfegermeisterbetrieb Michael Bitterlich","robots":{"index":"index","follow":"follow","max-snippet":"max-snippet:-1","max-image-preview":"max-image-preview:large","max-video-preview":"max-video-preview:-1"},"canonical":"https:\/\/schornsteinfeger-bitterlich.de\/index.php\/ueber-uns\/","og_locale":"de_DE","og_type":"article","og_title":"\u00dcber uns - Schornsteinfegermeisterbetrieb Michael Bitterlich","og_description":"\u00dcber\u00a0uns\u00a0\u00a0 Firmengeschichte 1986 - 1989 Ausbildung zum Facharbeiter im Schornsteinfegerhandwerk (Geselle) 1989 - 1992 Meisterausbildung am 01.01.1993 Gr\u00fcndung des Schornsteinfegermeisterbetriebs Michael Bitterlich Kompetenzen Reinigung und \u00dcberpr\u00fcfung von Feuerungs- und Abgasanlagen (Schornsteinfegerarbeiten) Gepr\u00fcfter Brandschutztechniker (ZIV) G\u00fctesiegel \"Fachbetrieb des Schornsteinfegerhandwerks\" zertifizierter Energieberater Mitglied der Umweltallianz Sachsen Mitarbeiter Meister im Schornsteinfegerhandwerk (Meister-Geselle): Felix Graf Bitterlich Unser Schornsteinfeger- Signet [&hellip;]","og_url":"https:\/\/schornsteinfeger-bitterlich.de\/index.php\/ueber-uns\/","og_site_name":"Schornsteinfegermeisterbetrieb Michael Bitterlich","article_modified_time":"2025-09-03T07:51:57+00:00","twitter_card":"summary_large_image","twitter_misc":{"Gesch\u00e4tzte Lesezeit":"3\u00a0Minuten"},"schema":{"@context":"https:\/\/schema.org","@graph":[{"@type":"WebPage","@id":"https:\/\/schornsteinfeger-bitterlich.de\/index.php\/ueber-uns\/","url":"https:\/\/schornsteinfeger-bitterlich.de\/index.php\/ueber-uns\/","name":"\u00dcber uns - Schornsteinfegermeisterbetrieb Michael Bitterlich","isPartOf":{"@id":"https:\/\/schornsteinfeger-bitterlich.de\/#website"},"datePublished":"2020-06-21T08:59:47+00:00","dateModified":"2025-09-03T07:51:57+00:00","breadcrumb":{"@id":"https:\/\/schornsteinfeger-bitterlich.de\/index.php\/ueber-uns\/#breadcrumb"},"inLanguage":"de","potentialAction":[{"@type":"ReadAction","target":["https:\/\/schornsteinfeger-bitterlich.de\/index.php\/ueber-uns\/"]}]},{"@type":"BreadcrumbList","@id":"https:\/\/schornsteinfeger-bitterlich.de\/index.php\/ueber-uns\/#breadcrumb","itemListElement":[{"@type":"ListItem","position":1,"name":"Home","item":"https:\/\/schornsteinfeger-bitterlich.de\/"},{"@type":"ListItem","position":2,"name":"\u00dcber uns"}]},{"@type":"WebSite","@id":"https:\/\/schornsteinfeger-bitterlich.de\/#website","url":"https:\/\/schornsteinfeger-bitterlich.de\/","name":"Schornsteinfegermeisterbetrieb Michael Bitterlich","description":"Meisterbetrieb der Innung seit 1993","potentialAction":[{"@type":"SearchAction","target":{"@type":"EntryPoint","urlTemplate":"https:\/\/schornsteinfeger-bitterlich.de\/?s={search_term_string}"},"query-input":{"@type":"PropertyValueSpecification","valueRequired":true,"valueName":"search_term_string"}}],"inLanguage":"de"}]}},"coauthors":[],"author_meta":{"author_link":"https:\/\/schornsteinfeger-bitterlich.de\/index.php\/author\/grafikopf_q8cnhixq\/","display_name":"admin"},"relative_dates":{"created":"Ver\u00f6ffentlicht 6\u00a0Jahren vor","modified":"Aktualisiert 8\u00a0Monaten vor"},"absolute_dates":{"created":"Ver\u00f6ffentlicht am 21. Juni 2020","modified":"Aktualisiert am 3. September 2025"},"absolute_dates_time":{"created":"Ver\u00f6ffentlicht am 21. Juni 2020 08:59","modified":"Aktualisiert am 3. September 2025 09:51"},"featured_img_caption":"","featured_img":false,"series_order":"","_links":{"self":[{"href":"https:\/\/schornsteinfeger-bitterlich.de\/index.php\/wp-json\/wp\/v2\/pages\/17","targetHints":{"allow":["GET"]}}],"collection":[{"href":"https:\/\/schornsteinfeger-bitterlich.de\/index.php\/wp-json\/wp\/v2\/pages"}],"about":[{"href":"https:\/\/schornsteinfeger-bitterlich.de\/index.php\/wp-json\/wp\/v2\/types\/page"}],"author":[{"embeddable":true,"href":"https:\/\/schornsteinfeger-bitterlich.de\/index.php\/wp-json\/wp\/v2\/users\/1"}],"replies":[{"embeddable":true,"href":"https:\/\/schornsteinfeger-bitterlich.de\/index.php\/wp-json\/wp\/v2\/comments?post=17"}],"version-history":[{"count":13,"href":"https:\/\/schornsteinfeger-bitterlich.de\/index.php\/wp-json\/wp\/v2\/pages\/17\/revisions"}],"predecessor-version":[{"id":562,"href":"https:\/\/schornsteinfeger-bitterlich.de\/index.php\/wp-json\/wp\/v2\/pages\/17\/revisions\/562"}],"wp:attachment":[{"href":"https:\/\/schornsteinfeger-bitterlich.de\/index.php\/wp-json\/wp\/v2\/media?parent=17"}],"curies":[{"name":"wp","href":"https:\/\/api.w.org\/{rel}","templated":true}]}}